{"id":25317,"date":"2023-11-13T18:32:42","date_gmt":"2023-11-13T18:32:42","guid":{"rendered":"https:\/\/studio-fabrika.com\/?page_id=25317"},"modified":"2023-12-23T15:21:41","modified_gmt":"2023-12-23T15:21:41","slug":"blog","status":"publish","type":"page","link":"https:\/\/studio-fabrika.com\/sq\/blog\/","title":{"rendered":"K\u00ebndi i ekspert\u00ebve"},"content":{"rendered":"<div class=\"wpb-content-wrapper\"><div id=\"vc_row-69e38d825caac\" class=\"vc_row wpb_row vc_row-fluid thegem-custom-69e38d825ca8238\"><div class=\"wpb_column vc_column_container vc_col-sm-12 thegem-custom-69e38d825cd332940\" ><div class=\"vc_column-inner thegem-custom-inner-69e38d825cd34\"><div class=\"wpb_wrapper thegem-custom-69e38d825cd332940\">\n<div class=\"vc_grid-container-wrapper vc_clearfix vc_grid-animation-fadeIn\">\n\t<div class=\"vc_grid-container vc_clearfix wpb_content_element vc_basic_grid\" data-initial-loading-animation=\"fadeIn\" data-vc-grid-settings=\"{&quot;page_id&quot;:25317,&quot;style&quot;:&quot;all&quot;,&quot;action&quot;:&quot;vc_get_vc_grid_data&quot;,&quot;shortcode_id&quot;:&quot;1703336173099-c8e4e6a0-eb6c-9&quot;,&quot;tag&quot;:&quot;vc_basic_grid&quot;}\" data-vc-request=\"https:\/\/studio-fabrika.com\/wp-admin\/admin-ajax.php\" data-vc-post-id=\"25317\" data-vc-public-nonce=\"ae478ebb20\">\n\t\t<div class=\"vc_grid vc_row vc_grid-gutter-30px vc_pageable-wrapper vc_hook_hover\" data-vc-pageable-content=\"true\"><div class=\"vc_pageable-slide-wrapper vc_clearfix\" data-vc-grid-content=\"true\"><div class=\"vc_grid-item vc_clearfix gem-basic-grid vc_col-sm-4 vc_grid-item-zone-c-bottom\"><div class=\"vc_grid-item-mini vc_clearfix\">\n\t\t\t<div class=\"vc_gitem-animated-block\" >\n\t\t\t\t<div class=\"vc_gitem-zone vc_gitem-zone-a vc-gitem-zone-height-mode-auto vc-gitem-zone-height-mode-auto-1-1 vc_gitem-is-link\" style=\"background-image: url('https:\/\/studio-fabrika.com\/wp-content\/uploads\/2024\/11\/a2-1024x682.jpg') !important;\"><a href=\"https:\/\/studio-fabrika.com\/sq\/2024\/11\/14\/studio-fabrika-featured-on-truly-classy-asias-luxury-magazine\/\" title=\"Studio Fabrika featured on Truly Classy &#8211; Asia\u2019s Luxury Magazine\" class=\"vc_gitem-link vc-zone-link\" ><\/a><img class=\"vc_gitem-zone-img\" src=\"https:\/\/studio-fabrika.com\/wp-content\/uploads\/2024\/11\/a2-1024x682.jpg\" alt=\"Studio Fabrika featured on Truly Classy - Asia\u2019s Luxury Magazine\" loading=\"lazy\"><div class=\"vc_gitem-zone-mini\">\n\t\t\t\t\t\n\t\t\t\t\t\n\t\t\t\t\t\n\t\t\t\t<\/div><\/div>\n\t\t\t\t\n\t\t\t<\/div>\n\t\t\t<div class=\"vc_gitem-zone vc_gitem-zone-c\"><div class=\"vc_gitem-zone-mini\">\n\t\t\t\t<div class=\"vc_gitem_row vc_row vc_gitem-row-position-top\">\n\t\t\t\t\t<div class=\"vc_col-sm-12 vc_gitem-col vc_gitem-col-align-\">\n\t\t\t\t\t\t<div class=\"post-title\"><h4 class=\"entry-title\"><a href=\"https:\/\/studio-fabrika.com\/sq\/2024\/11\/14\/studio-fabrika-featured-on-truly-classy-asias-luxury-magazine\/\" rel=\"bookmark\">14 N\u00ebn: <span class=\"light\">Studio Fabrika featured on Truly Classy &#8211; Asia\u2019s Luxury Magazine<\/span><\/a><\/h4><\/div>\n\t\t\t\t\t\t<div class=\"vc_custom_heading vc_gitem-post-data vc_gitem-post-data-source-post_excerpt\" ><p style=\"text-align: left\" ><\/p><\/div>\n\t\t\t\t\t\t<div class=\"gem-button-container gem-button-position-inline thegem-button-69e38d826056a749\"  ><a class=\"gem-button gem-button-size-tiny gem-button-style-outline gem-button-text-weight-normal gem-button-border-2\" data-ll-effect=\"drop-right-without-wrap\" style=\"border-radius: 3px;\" onmouseleave=\"\" onmouseenter=\"\" href=\"https:\/\/studio-fabrika.com\/sq\/2024\/11\/14\/studio-fabrika-featured-on-truly-classy-asias-luxury-magazine\/\" target=\"_self\">Read more<\/a><\/div> \n\t\t\t\t\t<\/div>\n\t\t\t\t<\/div>\n\t\t\t<\/div><\/div>\n\t\t<\/div><div class=\"vc_clearfix\"><\/div><\/div><div class=\"vc_grid-item vc_clearfix gem-basic-grid vc_col-sm-4 vc_grid-item-zone-c-bottom\"><div class=\"vc_grid-item-mini vc_clearfix\">\n\t\t\t<div class=\"vc_gitem-animated-block\" >\n\t\t\t\t<div class=\"vc_gitem-zone vc_gitem-zone-a vc-gitem-zone-height-mode-auto vc-gitem-zone-height-mode-auto-1-1 vc_gitem-is-link\" style=\"background-image: url('https:\/\/studio-fabrika.com\/wp-content\/uploads\/2024\/11\/a1.jpg') !important;\"><a href=\"https:\/\/studio-fabrika.com\/sq\/2024\/11\/14\/studio-fabrika-featured-on-total-prestige-magazine\/\" title=\"Studio Fabrika featured on Total Prestige Magazine\" class=\"vc_gitem-link vc-zone-link\" ><\/a><img class=\"vc_gitem-zone-img\" src=\"https:\/\/studio-fabrika.com\/wp-content\/uploads\/2024\/11\/a1.jpg\" alt=\"Studio Fabrika featured on Total Prestige Magazine\" loading=\"lazy\"><div class=\"vc_gitem-zone-mini\">\n\t\t\t\t\t\n\t\t\t\t\t\n\t\t\t\t\t\n\t\t\t\t<\/div><\/div>\n\t\t\t\t\n\t\t\t<\/div>\n\t\t\t<div class=\"vc_gitem-zone vc_gitem-zone-c\"><div class=\"vc_gitem-zone-mini\">\n\t\t\t\t<div class=\"vc_gitem_row vc_row vc_gitem-row-position-top\">\n\t\t\t\t\t<div class=\"vc_col-sm-12 vc_gitem-col vc_gitem-col-align-\">\n\t\t\t\t\t\t<div class=\"post-title\"><h4 class=\"entry-title\"><a href=\"https:\/\/studio-fabrika.com\/sq\/2024\/11\/14\/studio-fabrika-featured-on-total-prestige-magazine\/\" rel=\"bookmark\">14 N\u00ebn: <span class=\"light\">Studio Fabrika featured on Total Prestige Magazine<\/span><\/a><\/h4><\/div>\n\t\t\t\t\t\t<div class=\"vc_custom_heading vc_gitem-post-data vc_gitem-post-data-source-post_excerpt\" ><p style=\"text-align: left\" ><\/p><\/div>\n\t\t\t\t\t\t<div class=\"gem-button-container gem-button-position-inline thegem-button-69e38d826056a749\"  ><a class=\"gem-button gem-button-size-tiny gem-button-style-outline gem-button-text-weight-normal gem-button-border-2\" data-ll-effect=\"drop-right-without-wrap\" style=\"border-radius: 3px;\" onmouseleave=\"\" onmouseenter=\"\" href=\"https:\/\/studio-fabrika.com\/sq\/2024\/11\/14\/studio-fabrika-featured-on-total-prestige-magazine\/\" target=\"_self\">Read more<\/a><\/div> \n\t\t\t\t\t<\/div>\n\t\t\t\t<\/div>\n\t\t\t<\/div><\/div>\n\t\t<\/div><div class=\"vc_clearfix\"><\/div><\/div><div class=\"vc_grid-item vc_clearfix gem-basic-grid vc_col-sm-4 vc_grid-item-zone-c-bottom\"><div class=\"vc_grid-item-mini vc_clearfix\">\n\t\t\t<div class=\"vc_gitem-animated-block\" >\n\t\t\t\t<div class=\"vc_gitem-zone vc_gitem-zone-a vc-gitem-zone-height-mode-auto vc-gitem-zone-height-mode-auto-1-1 vc_gitem-is-link\" style=\"background-image: url('https:\/\/studio-fabrika.com\/wp-content\/uploads\/2024\/10\/andi-villa-1024x683.png') !important;\"><a href=\"https:\/\/studio-fabrika.com\/sq\/2024\/10\/24\/studio-fabrika-wins-best-luxury-residential-renovation-at-luxury-lifestyle-awards-for-villa-andi-in-albania\/\" title=\"Studio Fabrika fiton \u00e7mimin si Rinovimi m\u00eb i mir\u00eb Luksoz Rezidencial n\u00eb \u00e7mimet &quot;Luxury Lifestyle Awards&quot;\" class=\"vc_gitem-link vc-zone-link\" ><\/a><img class=\"vc_gitem-zone-img\" src=\"https:\/\/studio-fabrika.com\/wp-content\/uploads\/2024\/10\/andi-villa-1024x683.png\" alt=\"Studio Fabrika Wins Best Luxury Residential Renovation at Luxury Lifestyle Awards for Villa ANDI in Albania\" loading=\"lazy\"><div class=\"vc_gitem-zone-mini\">\n\t\t\t\t\t\n\t\t\t\t\t\n\t\t\t\t\t\n\t\t\t\t<\/div><\/div>\n\t\t\t\t\n\t\t\t<\/div>\n\t\t\t<div class=\"vc_gitem-zone vc_gitem-zone-c\"><div class=\"vc_gitem-zone-mini\">\n\t\t\t\t<div class=\"vc_gitem_row vc_row vc_gitem-row-position-top\">\n\t\t\t\t\t<div class=\"vc_col-sm-12 vc_gitem-col vc_gitem-col-align-\">\n\t\t\t\t\t\t<div class=\"post-title\"><h4 class=\"entry-title\"><a href=\"https:\/\/studio-fabrika.com\/sq\/2024\/10\/24\/studio-fabrika-wins-best-luxury-residential-renovation-at-luxury-lifestyle-awards-for-villa-andi-in-albania\/\" rel=\"bookmark\">24 Tet: <span class=\"light\">Studio Fabrika fiton \u00e7mimin si Rinovimi m\u00eb i mir\u00eb Luksoz Rezidencial n\u00eb \u00e7mimet \"Luxury Lifestyle Awards\"<\/span><\/a><\/h4><\/div>\n\t\t\t\t\t\t<div class=\"vc_custom_heading vc_gitem-post-data vc_gitem-post-data-source-post_excerpt\" ><p style=\"text-align: left\" ><\/p><\/div>\n\t\t\t\t\t\t<div class=\"gem-button-container gem-button-position-inline thegem-button-69e38d826056a749\"  ><a class=\"gem-button gem-button-size-tiny gem-button-style-outline gem-button-text-weight-normal gem-button-border-2\" data-ll-effect=\"drop-right-without-wrap\" style=\"border-radius: 3px;\" onmouseleave=\"\" onmouseenter=\"\" href=\"https:\/\/studio-fabrika.com\/sq\/2024\/10\/24\/studio-fabrika-wins-best-luxury-residential-renovation-at-luxury-lifestyle-awards-for-villa-andi-in-albania\/\" target=\"_self\">Read more<\/a><\/div> \n\t\t\t\t\t<\/div>\n\t\t\t\t<\/div>\n\t\t\t<\/div><\/div>\n\t\t<\/div><div class=\"vc_clearfix\"><\/div><\/div><div class=\"vc_grid-item vc_clearfix gem-basic-grid vc_col-sm-4 vc_grid-item-zone-c-bottom\"><div class=\"vc_grid-item-mini vc_clearfix\">\n\t\t\t<div class=\"vc_gitem-animated-block\" >\n\t\t\t\t<div class=\"vc_gitem-zone vc_gitem-zone-a vc-gitem-zone-height-mode-auto vc-gitem-zone-height-mode-auto-1-1 vc_gitem-is-link\" style=\"background-image: url('https:\/\/studio-fabrika.com\/wp-content\/uploads\/2023\/12\/Check3.jpg') !important;\"><a href=\"https:\/\/studio-fabrika.com\/sq\/2024\/01\/04\/studio-fabrika-wins-best-architecture-in-albania-2023-with-checkpoint-charlie-project-by-pikark\/\" title=\"Studio Fabrika&#8217;s project &#8220;Checkpoint Charlie&#8221; listed as the Best Architecture Project in Albania 2023 &#8211; by PikArk\" class=\"vc_gitem-link vc-zone-link\" ><\/a><img class=\"vc_gitem-zone-img\" src=\"https:\/\/studio-fabrika.com\/wp-content\/uploads\/2023\/12\/Check3.jpg\" alt=\"Studio Fabrika's project \"checkpoint charlie\" listed as the best architecture project in albania 2023 - by pikark\" loading=\"lazy\"><div class=\"vc_gitem-zone-mini\">\n\t\t\t\t\t\n\t\t\t\t\t\n\t\t\t\t\t\n\t\t\t\t<\/div><\/div>\n\t\t\t\t\n\t\t\t<\/div>\n\t\t\t<div class=\"vc_gitem-zone vc_gitem-zone-c\"><div class=\"vc_gitem-zone-mini\">\n\t\t\t\t<div class=\"vc_gitem_row vc_row vc_gitem-row-position-top\">\n\t\t\t\t\t<div class=\"vc_col-sm-12 vc_gitem-col vc_gitem-col-align-\">\n\t\t\t\t\t\t<div class=\"post-title\"><h4 class=\"entry-title\"><a href=\"https:\/\/studio-fabrika.com\/sq\/2024\/01\/04\/studio-fabrika-wins-best-architecture-in-albania-2023-with-checkpoint-charlie-project-by-pikark\/\" rel=\"bookmark\">04 Jan: <span class=\"light\">Studio Fabrika&#8217;s project &#8220;Checkpoint Charlie&#8221; listed as the Best Architecture Project in Albania 2023 &#8211; by PikArk<\/span><\/a><\/h4><\/div>\n\t\t\t\t\t\t<div class=\"vc_custom_heading vc_gitem-post-data vc_gitem-post-data-source-post_excerpt\" ><p style=\"text-align: left\" ><\/p><\/div>\n\t\t\t\t\t\t<div class=\"gem-button-container gem-button-position-inline thegem-button-69e38d826056a749\"  ><a class=\"gem-button gem-button-size-tiny gem-button-style-outline gem-button-text-weight-normal gem-button-border-2\" data-ll-effect=\"drop-right-without-wrap\" style=\"border-radius: 3px;\" onmouseleave=\"\" onmouseenter=\"\" href=\"https:\/\/studio-fabrika.com\/sq\/2024\/01\/04\/studio-fabrika-wins-best-architecture-in-albania-2023-with-checkpoint-charlie-project-by-pikark\/\" target=\"_self\">Read more<\/a><\/div> \n\t\t\t\t\t<\/div>\n\t\t\t\t<\/div>\n\t\t\t<\/div><\/div>\n\t\t<\/div><div class=\"vc_clearfix\"><\/div><\/div><div class=\"vc_grid-item vc_clearfix gem-basic-grid vc_col-sm-4 vc_grid-item-zone-c-bottom\"><div class=\"vc_grid-item-mini vc_clearfix\">\n\t\t\t<div class=\"vc_gitem-animated-block\" >\n\t\t\t\t<div class=\"vc_gitem-zone vc_gitem-zone-a vc-gitem-zone-height-mode-auto vc-gitem-zone-height-mode-auto-1-1 vc_gitem-is-link\" style=\"background-image: url('https:\/\/studio-fabrika.com\/wp-content\/uploads\/2023\/12\/small-apartament-1024x681.png') !important;\"><a href=\"https:\/\/studio-fabrika.com\/sq\/2023\/12\/23\/how-to-decorate-a-small-apartment-5-lessons\/\" title=\"How to decorate a small apartment \u2013 5 lessons\" class=\"vc_gitem-link vc-zone-link\" ><\/a><img class=\"vc_gitem-zone-img\" src=\"https:\/\/studio-fabrika.com\/wp-content\/uploads\/2023\/12\/small-apartament-1024x681.png\" alt=\"How to decorate a small apartment \u2013 5 lessons\" loading=\"lazy\"><div class=\"vc_gitem-zone-mini\">\n\t\t\t\t\t\n\t\t\t\t\t\n\t\t\t\t\t\n\t\t\t\t<\/div><\/div>\n\t\t\t\t\n\t\t\t<\/div>\n\t\t\t<div class=\"vc_gitem-zone vc_gitem-zone-c\"><div class=\"vc_gitem-zone-mini\">\n\t\t\t\t<div class=\"vc_gitem_row vc_row vc_gitem-row-position-top\">\n\t\t\t\t\t<div class=\"vc_col-sm-12 vc_gitem-col vc_gitem-col-align-\">\n\t\t\t\t\t\t<div class=\"post-title\"><h4 class=\"entry-title\"><a href=\"https:\/\/studio-fabrika.com\/sq\/2023\/12\/23\/how-to-decorate-a-small-apartment-5-lessons\/\" rel=\"bookmark\">23 Dhj: <span class=\"light\">How to decorate a small apartment \u2013 5 lessons<\/span><\/a><\/h4><\/div>\n\t\t\t\t\t\t<div class=\"vc_custom_heading vc_gitem-post-data vc_gitem-post-data-source-post_excerpt\" ><p style=\"text-align: left\" ><\/p><\/div>\n\t\t\t\t\t\t<div class=\"gem-button-container gem-button-position-inline thegem-button-69e38d826056a749\"  ><a class=\"gem-button gem-button-size-tiny gem-button-style-outline gem-button-text-weight-normal gem-button-border-2\" data-ll-effect=\"drop-right-without-wrap\" style=\"border-radius: 3px;\" onmouseleave=\"\" onmouseenter=\"\" href=\"https:\/\/studio-fabrika.com\/sq\/2023\/12\/23\/how-to-decorate-a-small-apartment-5-lessons\/\" target=\"_self\">Read more<\/a><\/div> \n\t\t\t\t\t<\/div>\n\t\t\t\t<\/div>\n\t\t\t<\/div><\/div>\n\t\t<\/div><div class=\"vc_clearfix\"><\/div><\/div><div class=\"vc_grid-item vc_clearfix gem-basic-grid vc_col-sm-4 vc_grid-item-zone-c-bottom\"><div class=\"vc_grid-item-mini vc_clearfix\">\n\t\t\t<div class=\"vc_gitem-animated-block\" >\n\t\t\t\t<div class=\"vc_gitem-zone vc_gitem-zone-a vc-gitem-zone-height-mode-auto vc-gitem-zone-height-mode-auto-1-1 vc_gitem-is-link\" style=\"background-image: url('https:\/\/studio-fabrika.com\/wp-content\/uploads\/2023\/12\/Trita15.jpg') !important;\"><a href=\"https:\/\/studio-fabrika.com\/sq\/2023\/12\/23\/the-power-of-colour-how-to-choose-the-best-colours-for-office-interiors\/\" title=\"The Power of Colour: How To Choose the Best Colours for Office Interiors\" class=\"vc_gitem-link vc-zone-link\" ><\/a><img class=\"vc_gitem-zone-img\" src=\"https:\/\/studio-fabrika.com\/wp-content\/uploads\/2023\/12\/Trita15.jpg\" alt=\"The Power of Colour: How To Choose the Best Colours for Office Interiors\" loading=\"lazy\"><div class=\"vc_gitem-zone-mini\">\n\t\t\t\t\t\n\t\t\t\t\t\n\t\t\t\t\t\n\t\t\t\t<\/div><\/div>\n\t\t\t\t\n\t\t\t<\/div>\n\t\t\t<div class=\"vc_gitem-zone vc_gitem-zone-c\"><div class=\"vc_gitem-zone-mini\">\n\t\t\t\t<div class=\"vc_gitem_row vc_row vc_gitem-row-position-top\">\n\t\t\t\t\t<div class=\"vc_col-sm-12 vc_gitem-col vc_gitem-col-align-\">\n\t\t\t\t\t\t<div class=\"post-title\"><h4 class=\"entry-title\"><a href=\"https:\/\/studio-fabrika.com\/sq\/2023\/12\/23\/the-power-of-colour-how-to-choose-the-best-colours-for-office-interiors\/\" rel=\"bookmark\">23 Dhj: <span class=\"light\">The Power of Colour: How To Choose the Best Colours for Office Interiors<\/span><\/a><\/h4><\/div>\n\t\t\t\t\t\t<div class=\"vc_custom_heading vc_gitem-post-data vc_gitem-post-data-source-post_excerpt\" ><p style=\"text-align: left\" ><\/p><\/div>\n\t\t\t\t\t\t<div class=\"gem-button-container gem-button-position-inline thegem-button-69e38d826056a749\"  ><a class=\"gem-button gem-button-size-tiny gem-button-style-outline gem-button-text-weight-normal gem-button-border-2\" data-ll-effect=\"drop-right-without-wrap\" style=\"border-radius: 3px;\" onmouseleave=\"\" onmouseenter=\"\" href=\"https:\/\/studio-fabrika.com\/sq\/2023\/12\/23\/the-power-of-colour-how-to-choose-the-best-colours-for-office-interiors\/\" target=\"_self\">Read more<\/a><\/div> \n\t\t\t\t\t<\/div>\n\t\t\t\t<\/div>\n\t\t\t<\/div><\/div>\n\t\t<\/div><div class=\"vc_clearfix\"><\/div><\/div><div class=\"vc_grid-item vc_clearfix gem-basic-grid vc_col-sm-4 vc_grid-item-zone-c-bottom\"><div class=\"vc_grid-item-mini vc_clearfix\">\n\t\t\t<div class=\"vc_gitem-animated-block\" >\n\t\t\t\t<div class=\"vc_gitem-zone vc_gitem-zone-a vc-gitem-zone-height-mode-auto vc-gitem-zone-height-mode-auto-1-1 vc_gitem-is-link\" style=\"background-image: url('https:\/\/studio-fabrika.com\/wp-content\/uploads\/2023\/12\/interior-design-trends-2024-wolf-range-hood-design-5-6573905e01bc7-1024x514.jpg') !important;\"><a href=\"https:\/\/studio-fabrika.com\/sq\/2023\/12\/23\/12-interior-design-trends-youll-see-everywhere-in-2024-according-to-experts\/\" title=\"12 Interior Design Trends You&#8217;ll See Everywhere in 2024, According to Experts\" class=\"vc_gitem-link vc-zone-link\" ><\/a><img class=\"vc_gitem-zone-img\" src=\"https:\/\/studio-fabrika.com\/wp-content\/uploads\/2023\/12\/interior-design-trends-2024-wolf-range-hood-design-5-6573905e01bc7-1024x514.jpg\" alt=\"12 Interior Design Trends You'll See Everywhere in 2024, According to Experts\" loading=\"lazy\"><div class=\"vc_gitem-zone-mini\">\n\t\t\t\t\t\n\t\t\t\t\t\n\t\t\t\t\t\n\t\t\t\t<\/div><\/div>\n\t\t\t\t\n\t\t\t<\/div>\n\t\t\t<div class=\"vc_gitem-zone vc_gitem-zone-c\"><div class=\"vc_gitem-zone-mini\">\n\t\t\t\t<div class=\"vc_gitem_row vc_row vc_gitem-row-position-top\">\n\t\t\t\t\t<div class=\"vc_col-sm-12 vc_gitem-col vc_gitem-col-align-\">\n\t\t\t\t\t\t<div class=\"post-title\"><h4 class=\"entry-title\"><a href=\"https:\/\/studio-fabrika.com\/sq\/2023\/12\/23\/12-interior-design-trends-youll-see-everywhere-in-2024-according-to-experts\/\" rel=\"bookmark\">23 Dhj: <span class=\"light\">12 Interior Design Trends You&#8217;ll See Everywhere in 2024, According to Experts<\/span><\/a><\/h4><\/div>\n\t\t\t\t\t\t<div class=\"vc_custom_heading vc_gitem-post-data vc_gitem-post-data-source-post_excerpt\" ><p style=\"text-align: left\" ><\/p><\/div>\n\t\t\t\t\t\t<div class=\"gem-button-container gem-button-position-inline thegem-button-69e38d826056a749\"  ><a class=\"gem-button gem-button-size-tiny gem-button-style-outline gem-button-text-weight-normal gem-button-border-2\" data-ll-effect=\"drop-right-without-wrap\" style=\"border-radius: 3px;\" onmouseleave=\"\" onmouseenter=\"\" href=\"https:\/\/studio-fabrika.com\/sq\/2023\/12\/23\/12-interior-design-trends-youll-see-everywhere-in-2024-according-to-experts\/\" target=\"_self\">Read more<\/a><\/div> \n\t\t\t\t\t<\/div>\n\t\t\t\t<\/div>\n\t\t\t<\/div><\/div>\n\t\t<\/div><div class=\"vc_clearfix\"><\/div><\/div><\/div><\/div>\n\t<\/div>\n<\/div><\/div><\/div><\/div><\/div>\n<\/div>","protected":false},"excerpt":{"rendered":"","protected":false},"author":1,"featured_media":0,"parent":0,"menu_order":0,"comment_status":"closed","ping_status":"closed","template":"","meta":{"footnotes":""},"class_list":["post-25317","page","type-page","status-publish"],"yoast_head":"<!-- This site is optimized with the Yoast SEO plugin v21.9.1 - https:\/\/yoast.com\/wordpress\/plugins\/seo\/ -->\n<title>Experts Talk - Studio-Fabrika<\/title>\n<meta name=\"robots\" content=\"index, follow, max-snippet:-1, max-image-preview:large, max-video-preview:-1\" \/>\n<link rel=\"canonical\" href=\"https:\/\/studio-fabrika.com\/sq\/blog\/\" \/>\n<meta property=\"og:locale\" content=\"sq_AL\" \/>\n<meta property=\"og:type\" content=\"article\" \/>\n<meta property=\"og:title\" content=\"Experts Talk - Studio-Fabrika\" \/>\n<meta property=\"og:url\" content=\"https:\/\/studio-fabrika.com\/sq\/blog\/\" \/>\n<meta property=\"og:site_name\" content=\"Studio-Fabrika\" \/>\n<meta property=\"article:modified_time\" content=\"2023-12-23T15:21:41+00:00\" \/>\n<meta name=\"twitter:card\" content=\"summary_large_image\" \/>\n<meta name=\"twitter:label1\" content=\"Est. reading time\" \/>\n\t<meta name=\"twitter:data1\" content=\"1 minut\u00eb\" \/>\n<script type=\"application\/ld+json\" class=\"yoast-schema-graph\">{\"@context\":\"https:\/\/schema.org\",\"@graph\":[{\"@type\":\"WebPage\",\"@id\":\"https:\/\/studio-fabrika.com\/blog\/\",\"url\":\"https:\/\/studio-fabrika.com\/blog\/\",\"name\":\"Experts Talk - Studio-Fabrika\",\"isPartOf\":{\"@id\":\"https:\/\/studio-fabrika.com\/#website\"},\"datePublished\":\"2023-11-13T18:32:42+00:00\",\"dateModified\":\"2023-12-23T15:21:41+00:00\",\"breadcrumb\":{\"@id\":\"https:\/\/studio-fabrika.com\/blog\/#breadcrumb\"},\"inLanguage\":\"sq\",\"potentialAction\":[{\"@type\":\"ReadAction\",\"target\":[\"https:\/\/studio-fabrika.com\/blog\/\"]}]},{\"@type\":\"BreadcrumbList\",\"@id\":\"https:\/\/studio-fabrika.com\/blog\/#breadcrumb\",\"itemListElement\":[{\"@type\":\"ListItem\",\"position\":1,\"name\":\"Home\",\"item\":\"https:\/\/studio-fabrika.com\/\"},{\"@type\":\"ListItem\",\"position\":2,\"name\":\"Experts Talk\"}]},{\"@type\":\"WebSite\",\"@id\":\"https:\/\/studio-fabrika.com\/#website\",\"url\":\"https:\/\/studio-fabrika.com\/\",\"name\":\"Studio-Fabrika\",\"description\":\"\",\"potentialAction\":[{\"@type\":\"SearchAction\",\"target\":{\"@type\":\"EntryPoint\",\"urlTemplate\":\"https:\/\/studio-fabrika.com\/?s={search_term_string}\"},\"query-input\":\"required name=search_term_string\"}],\"inLanguage\":\"sq\"}]}<\/script>\n<!-- \/ Yoast SEO plugin. -->","yoast_head_json":{"title":"Experts Talk - Studio-Fabrika","robots":{"index":"index","follow":"follow","max-snippet":"max-snippet:-1","max-image-preview":"max-image-preview:large","max-video-preview":"max-video-preview:-1"},"canonical":"https:\/\/studio-fabrika.com\/sq\/blog\/","og_locale":"sq_AL","og_type":"article","og_title":"Experts Talk - Studio-Fabrika","og_url":"https:\/\/studio-fabrika.com\/sq\/blog\/","og_site_name":"Studio-Fabrika","article_modified_time":"2023-12-23T15:21:41+00:00","twitter_card":"summary_large_image","twitter_misc":{"Est. reading time":"1 minut\u00eb"},"schema":{"@context":"https:\/\/schema.org","@graph":[{"@type":"WebPage","@id":"https:\/\/studio-fabrika.com\/blog\/","url":"https:\/\/studio-fabrika.com\/blog\/","name":"Experts Talk - Studio-Fabrika","isPartOf":{"@id":"https:\/\/studio-fabrika.com\/#website"},"datePublished":"2023-11-13T18:32:42+00:00","dateModified":"2023-12-23T15:21:41+00:00","breadcrumb":{"@id":"https:\/\/studio-fabrika.com\/blog\/#breadcrumb"},"inLanguage":"sq","potentialAction":[{"@type":"ReadAction","target":["https:\/\/studio-fabrika.com\/blog\/"]}]},{"@type":"BreadcrumbList","@id":"https:\/\/studio-fabrika.com\/blog\/#breadcrumb","itemListElement":[{"@type":"ListItem","position":1,"name":"Home","item":"https:\/\/studio-fabrika.com\/"},{"@type":"ListItem","position":2,"name":"Experts Talk"}]},{"@type":"WebSite","@id":"https:\/\/studio-fabrika.com\/#website","url":"https:\/\/studio-fabrika.com\/","name":"Studio-Fabrika","description":"","potentialAction":[{"@type":"SearchAction","target":{"@type":"EntryPoint","urlTemplate":"https:\/\/studio-fabrika.com\/?s={search_term_string}"},"query-input":"required name=search_term_string"}],"inLanguage":"sq"}]}},"_links":{"self":[{"href":"https:\/\/studio-fabrika.com\/sq\/wp-json\/wp\/v2\/pages\/25317"}],"collection":[{"href":"https:\/\/studio-fabrika.com\/sq\/wp-json\/wp\/v2\/pages"}],"about":[{"href":"https:\/\/studio-fabrika.com\/sq\/wp-json\/wp\/v2\/types\/page"}],"author":[{"embeddable":true,"href":"https:\/\/studio-fabrika.com\/sq\/wp-json\/wp\/v2\/users\/1"}],"replies":[{"embeddable":true,"href":"https:\/\/studio-fabrika.com\/sq\/wp-json\/wp\/v2\/comments?post=25317"}],"version-history":[{"count":5,"href":"https:\/\/studio-fabrika.com\/sq\/wp-json\/wp\/v2\/pages\/25317\/revisions"}],"predecessor-version":[{"id":25720,"href":"https:\/\/studio-fabrika.com\/sq\/wp-json\/wp\/v2\/pages\/25317\/revisions\/25720"}],"wp:attachment":[{"href":"https:\/\/studio-fabrika.com\/sq\/wp-json\/wp\/v2\/media?parent=25317"}],"curies":[{"name":"wp","href":"https:\/\/api.w.org\/{rel}","templated":true}]}}